{"id":7048,"date":"2023-08-15T12:16:02","date_gmt":"2023-08-15T10:16:02","guid":{"rendered":"http:\/\/manuel-jimenez.de\/wordpress\/?page_id=7048"},"modified":"2023-11-12T20:26:48","modified_gmt":"2023-11-12T19:26:48","slug":"projekt-bosch","status":"publish","type":"page","link":"http:\/\/manuel-jimenez.de\/wordpress\/home\/projekt-bosch\/","title":{"rendered":"Projekt-Bosch"},"content":{"rendered":"\t\t<div data-elementor-type=\"wp-post\" data-elementor-id=\"7048\" class=\"elementor elementor-7048\" data-elementor-post-type=\"page\">\n\t\t\t\t\t\t\t\t\t<section class=\"elementor-section elementor-top-section elementor-element elementor-element-9bc36f7 elementor-section-stretched elementor-section-boxed elementor-section-height-default elementor-section-height-default\" data-id=\"9bc36f7\" data-element_type=\"section\" data-settings=\"{&quot;stretch_section&quot;:&quot;section-stretched&quot;}\">\n\t\t\t\t\t\t<div class=\"elementor-container elementor-column-gap-default\">\n\t\t\t\t\t<div class=\"elementor-column elementor-col-100 elementor-top-column elementor-element elementor-element-faaa45b\" data-id=\"faaa45b\" data-element_type=\"column\">\n\t\t\t<div class=\"elementor-widget-wrap elementor-element-populated\">\n\t\t\t\t\t\t\t\t<div class=\"elementor-element elementor-element-3c6dc08 elementor-widget elementor-widget-heading\" data-id=\"3c6dc08\" data-element_type=\"widget\" data-widget_type=\"heading.default\">\n\t\t\t\t<div class=\"elementor-widget-container\">\n\t\t\t<style>\/*! elementor - v3.17.0 - 08-11-2023 *\/\n.elementor-heading-title{padding:0;margin:0;line-height:1}.elementor-widget-heading .elementor-heading-title[class*=elementor-size-]>a{color:inherit;font-size:inherit;line-height:inherit}.elementor-widget-heading .elementor-heading-title.elementor-size-small{font-size:15px}.elementor-widget-heading .elementor-heading-title.elementor-size-medium{font-size:19px}.elementor-widget-heading .elementor-heading-title.elementor-size-large{font-size:29px}.elementor-widget-heading .elementor-heading-title.elementor-size-xl{font-size:39px}.elementor-widget-heading .elementor-heading-title.elementor-size-xxl{font-size:59px}<\/style><h1 class=\"elementor-heading-title elementor-size-default\">BOSCH<\/h1>\t\t<\/div>\n\t\t\t\t<\/div>\n\t\t\t\t<div class=\"elementor-element elementor-element-0c879ff elementor-widget elementor-widget-heading\" data-id=\"0c879ff\" data-element_type=\"widget\" data-widget_type=\"heading.default\">\n\t\t\t\t<div class=\"elementor-widget-container\">\n\t\t\t<p class=\"elementor-heading-title elementor-size-default\">CORPORATE DESIGN ROLLOUT<\/p>\t\t<\/div>\n\t\t\t\t<\/div>\n\t\t\t\t\t<\/div>\n\t\t<\/div>\n\t\t\t\t\t\t\t<\/div>\n\t\t<\/section>\n\t\t\t\t<section class=\"elementor-section elementor-top-section elementor-element elementor-element-d2c4375 elementor-section-stretched elementor-section-boxed elementor-section-height-default elementor-section-height-default\" data-id=\"d2c4375\" data-element_type=\"section\" data-settings=\"{&quot;stretch_section&quot;:&quot;section-stretched&quot;}\">\n\t\t\t\t\t\t<div class=\"elementor-container elementor-column-gap-default\">\n\t\t\t\t\t<div class=\"elementor-column elementor-col-100 elementor-top-column elementor-element elementor-element-7d358f1\" data-id=\"7d358f1\" data-element_type=\"column\">\n\t\t\t<div class=\"elementor-widget-wrap elementor-element-populated\">\n\t\t\t\t\t\t\t\t<div class=\"elementor-element elementor-element-0dad917 elementor-widget elementor-widget-heading\" data-id=\"0dad917\" data-element_type=\"widget\" data-widget_type=\"heading.default\">\n\t\t\t\t<div class=\"elementor-widget-container\">\n\t\t\t<p class=\"elementor-heading-title elementor-size-default\">Umsetzung und Ausbau des damals neuen Bosch Corporate Designs. Die Aufgaben erstreckten sich hierbei von der Styleguide-Entwicklung \u00fcber die Erstellung von Corporate Design-Templates und Designelementen f\u00fcr die hauseigene Corporate Design Plattform bis hin zum Aufbau und der Betreuung eines Corporate Design Helpdesks. <\/p>\t\t<\/div>\n\t\t\t\t<\/div>\n\t\t\t\t\t<\/div>\n\t\t<\/div>\n\t\t\t\t\t\t\t<\/div>\n\t\t<\/section>\n\t\t\t\t<section class=\"elementor-section elementor-top-section elementor-element elementor-element-3fd441a elementor-section-stretched elementor-section-full_width elementor-section-height-default elementor-section-height-default\" data-id=\"3fd441a\" data-element_type=\"section\" data-settings=\"{&quot;stretch_section&quot;:&quot;section-stretched&quot;}\">\n\t\t\t\t\t\t<div class=\"elementor-container elementor-column-gap-default\">\n\t\t\t\t\t<div class=\"elementor-column elementor-col-100 elementor-top-column elementor-element elementor-element-56e66cd\" data-id=\"56e66cd\" data-element_type=\"column\">\n\t\t\t<div class=\"elementor-widget-wrap elementor-element-populated\">\n\t\t\t\t\t\t\t\t<div class=\"elementor-element elementor-element-00198a3 elementor-widget elementor-widget-image\" data-id=\"00198a3\" data-element_type=\"widget\" data-widget_type=\"image.default\">\n\t\t\t\t<div class=\"elementor-widget-container\">\n\t\t\t<style>\/*! elementor - v3.17.0 - 08-11-2023 *\/\n.elementor-widget-image{text-align:center}.elementor-widget-image a{display:inline-block}.elementor-widget-image a img[src$=\".svg\"]{width:48px}.elementor-widget-image img{vertical-align:middle;display:inline-block}<\/style>\t\t\t\t\t\t\t\t\t\t\t\t<img loading=\"lazy\" decoding=\"async\" width=\"1500\" height=\"949\" src=\"http:\/\/manuel-jimenez.de\/wordpress\/wp-content\/uploads\/2023\/08\/Styleguide-Mock-Up.jpg\" class=\"attachment-full size-full wp-image-7058\" alt=\"\" \/>\t\t\t\t\t\t\t\t\t\t\t\t\t\t\t<\/div>\n\t\t\t\t<\/div>\n\t\t\t\t\t<\/div>\n\t\t<\/div>\n\t\t\t\t\t\t\t<\/div>\n\t\t<\/section>\n\t\t\t\t<section class=\"elementor-section elementor-top-section elementor-element elementor-element-0924130 elementor-section-stretched elementor-section-full_width elementor-section-height-default elementor-section-height-default\" data-id=\"0924130\" data-element_type=\"section\" data-settings=\"{&quot;stretch_section&quot;:&quot;section-stretched&quot;,&quot;background_background&quot;:&quot;classic&quot;}\">\n\t\t\t\t\t\t<div class=\"elementor-container elementor-column-gap-default\">\n\t\t\t\t\t<div class=\"elementor-column elementor-col-33 elementor-top-column elementor-element elementor-element-8a8e12e\" data-id=\"8a8e12e\" data-element_type=\"column\">\n\t\t\t<div class=\"elementor-widget-wrap elementor-element-populated\">\n\t\t\t\t\t\t\t\t<div class=\"elementor-element elementor-element-7d05c87 elementor-widget elementor-widget-heading\" data-id=\"7d05c87\" data-element_type=\"widget\" data-widget_type=\"heading.default\">\n\t\t\t\t<div class=\"elementor-widget-container\">\n\t\t\t<h1 class=\"elementor-heading-title elementor-size-default\">CORPORATE DESIGN SERVICE<\/h1>\t\t<\/div>\n\t\t\t\t<\/div>\n\t\t\t\t<div class=\"elementor-element elementor-element-922373b elementor-widget elementor-widget-spacer\" data-id=\"922373b\" data-element_type=\"widget\" data-widget_type=\"spacer.default\">\n\t\t\t\t<div class=\"elementor-widget-container\">\n\t\t\t<style>\/*! elementor - v3.17.0 - 08-11-2023 *\/\n.elementor-column .elementor-spacer-inner{height:var(--spacer-size)}.e-con{--container-widget-width:100%}.e-con-inner>.elementor-widget-spacer,.e-con>.elementor-widget-spacer{width:var(--container-widget-width,var(--spacer-size));--align-self:var(--container-widget-align-self,initial);--flex-shrink:0}.e-con-inner>.elementor-widget-spacer>.elementor-widget-container,.e-con>.elementor-widget-spacer>.elementor-widget-container{height:100%;width:100%}.e-con-inner>.elementor-widget-spacer>.elementor-widget-container>.elementor-spacer,.e-con>.elementor-widget-spacer>.elementor-widget-container>.elementor-spacer{height:100%}.e-con-inner>.elementor-widget-spacer>.elementor-widget-container>.elementor-spacer>.elementor-spacer-inner,.e-con>.elementor-widget-spacer>.elementor-widget-container>.elementor-spacer>.elementor-spacer-inner{height:var(--container-widget-height,var(--spacer-size))}.e-con-inner>.elementor-widget-spacer.elementor-widget-empty,.e-con>.elementor-widget-spacer.elementor-widget-empty{position:relative;min-height:22px;min-width:22px}.e-con-inner>.elementor-widget-spacer.elementor-widget-empty .elementor-widget-empty-icon,.e-con>.elementor-widget-spacer.elementor-widget-empty .elementor-widget-empty-icon{position:absolute;top:0;bottom:0;left:0;right:0;margin:auto;padding:0;width:22px;height:22px}<\/style>\t\t<div class=\"elementor-spacer\">\n\t\t\t<div class=\"elementor-spacer-inner\"><\/div>\n\t\t<\/div>\n\t\t\t\t<\/div>\n\t\t\t\t<\/div>\n\t\t\t\t<div class=\"elementor-element elementor-element-92a8f32 elementor-widget elementor-widget-heading\" data-id=\"92a8f32\" data-element_type=\"widget\" data-widget_type=\"heading.default\">\n\t\t\t\t<div class=\"elementor-widget-container\">\n\t\t\t<p class=\"elementor-heading-title elementor-size-default\">Aufbau, Ausbau und Team-Lead eines Corporate Design Service-Teams, welches Bosch Design-Anfragen aus aller Welt betreut und dadurch f\u00fcr die korrekte Umsetzung des neuen Corporate Designs sorgt.<\/p>\t\t<\/div>\n\t\t\t\t<\/div>\n\t\t\t\t\t<\/div>\n\t\t<\/div>\n\t\t\t\t<div class=\"elementor-column elementor-col-66 elementor-top-column elementor-element elementor-element-1f134c2\" data-id=\"1f134c2\" data-element_type=\"column\">\n\t\t\t<div class=\"elementor-widget-wrap elementor-element-populated\">\n\t\t\t\t\t\t\t\t<div class=\"elementor-element elementor-element-82fc8dc elementor-widget elementor-widget-image\" data-id=\"82fc8dc\" data-element_type=\"widget\" data-widget_type=\"image.default\">\n\t\t\t\t<div class=\"elementor-widget-container\">\n\t\t\t\t\t\t\t\t\t\t\t\t\t\t\t<img loading=\"lazy\" decoding=\"async\" width=\"1500\" height=\"951\" src=\"http:\/\/manuel-jimenez.de\/wordpress\/wp-content\/uploads\/2023\/08\/IMG_0138.png\" class=\"attachment-full size-full wp-image-7050\" alt=\"\" \/>\t\t\t\t\t\t\t\t\t\t\t\t\t\t\t<\/div>\n\t\t\t\t<\/div>\n\t\t\t\t\t<\/div>\n\t\t<\/div>\n\t\t\t\t\t\t\t<\/div>\n\t\t<\/section>\n\t\t\t\t<section class=\"elementor-section elementor-top-section elementor-element elementor-element-4cf768f elementor-section-stretched elementor-section-full_width elementor-section-height-default elementor-section-height-default\" data-id=\"4cf768f\" data-element_type=\"section\" data-settings=\"{&quot;stretch_section&quot;:&quot;section-stretched&quot;}\">\n\t\t\t\t\t\t<div class=\"elementor-container elementor-column-gap-default\">\n\t\t\t\t\t<div class=\"elementor-column elementor-col-66 elementor-top-column elementor-element elementor-element-5c01183\" data-id=\"5c01183\" data-element_type=\"column\">\n\t\t\t<div class=\"elementor-widget-wrap elementor-element-populated\">\n\t\t\t\t\t\t\t\t<div class=\"elementor-element elementor-element-8577dbe elementor-widget elementor-widget-image\" data-id=\"8577dbe\" data-element_type=\"widget\" data-widget_type=\"image.default\">\n\t\t\t\t<div class=\"elementor-widget-container\">\n\t\t\t\t\t\t\t\t\t\t\t\t\t\t\t<img loading=\"lazy\" decoding=\"async\" width=\"1500\" height=\"1121\" src=\"http:\/\/manuel-jimenez.de\/wordpress\/wp-content\/uploads\/2023\/08\/ommentierung-Mock-Up.jpg\" class=\"attachment-full size-full wp-image-7057\" alt=\"\" \/>\t\t\t\t\t\t\t\t\t\t\t\t\t\t\t<\/div>\n\t\t\t\t<\/div>\n\t\t\t\t\t<\/div>\n\t\t<\/div>\n\t\t\t\t<div class=\"elementor-column elementor-col-33 elementor-top-column elementor-element elementor-element-c031b93\" data-id=\"c031b93\" data-element_type=\"column\">\n\t\t\t<div class=\"elementor-widget-wrap elementor-element-populated\">\n\t\t\t\t\t\t\t\t<div class=\"elementor-element elementor-element-36b6177 elementor-widget elementor-widget-heading\" data-id=\"36b6177\" data-element_type=\"widget\" data-widget_type=\"heading.default\">\n\t\t\t\t<div class=\"elementor-widget-container\">\n\t\t\t<h1 class=\"elementor-heading-title elementor-size-default\">CD-Pr\u00fcfung<\/h1>\t\t<\/div>\n\t\t\t\t<\/div>\n\t\t\t\t<div class=\"elementor-element elementor-element-6f80eb3 elementor-widget elementor-widget-spacer\" data-id=\"6f80eb3\" data-element_type=\"widget\" data-widget_type=\"spacer.default\">\n\t\t\t\t<div class=\"elementor-widget-container\">\n\t\t\t\t\t<div class=\"elementor-spacer\">\n\t\t\t<div class=\"elementor-spacer-inner\"><\/div>\n\t\t<\/div>\n\t\t\t\t<\/div>\n\t\t\t\t<\/div>\n\t\t\t\t<div class=\"elementor-element elementor-element-2f4482e elementor-widget elementor-widget-heading\" data-id=\"2f4482e\" data-element_type=\"widget\" data-widget_type=\"heading.default\">\n\t\t\t\t<div class=\"elementor-widget-container\">\n\t\t\t<p class=\"elementor-heading-title elementor-size-default\">Eingesendete Designs wurden, basierend auf den existierenden CD-Richtlinien in Ticketform kommentiert. Diese Tickets, mit Anmerkungen und \u00c4nderungen, wurden dann an den Anfragenden zur\u00fcckgesendet, woraufhin Dieser die M\u00f6glichkeit hatte, sein Design Anzupassen und es somit CD-konform zu machen.<\/p>\t\t<\/div>\n\t\t\t\t<\/div>\n\t\t\t\t\t<\/div>\n\t\t<\/div>\n\t\t\t\t\t\t\t<\/div>\n\t\t<\/section>\n\t\t\t\t<section class=\"elementor-section elementor-top-section elementor-element elementor-element-5679d58 elementor-section-stretched elementor-section-boxed elementor-section-height-default elementor-section-height-default\" data-id=\"5679d58\" data-element_type=\"section\" data-settings=\"{&quot;stretch_section&quot;:&quot;section-stretched&quot;}\">\n\t\t\t\t\t\t<div class=\"elementor-container elementor-column-gap-default\">\n\t\t\t\t\t<div class=\"elementor-column elementor-col-100 elementor-top-column elementor-element elementor-element-8a03287\" data-id=\"8a03287\" data-element_type=\"column\">\n\t\t\t<div class=\"elementor-widget-wrap elementor-element-populated\">\n\t\t\t\t\t\t\t\t<div class=\"elementor-element elementor-element-c41687b elementor-widget-mobile_extra__width-initial elementor-invisible elementor-widget elementor-widget-lastudio-button\" data-id=\"c41687b\" data-element_type=\"widget\" data-settings=\"{&quot;_animation&quot;:&quot;fadeInUp&quot;}\" data-widget_type=\"lastudio-button.default\">\n\t\t\t\t<div class=\"elementor-widget-container\">\n\t\t\t<div class=\"elementor-lastudio-button lastudio-elements\"><div class=\"lastudio-button__container\">\n\t<a class=\"lastudio-button__instance lastudio-button__instance--icon-left hover-effect-0\" href=\"http:\/\/manuel-jimenez.de\/wordpress\/\">\n\t\t<div class=\"lastudio-button__plane lastudio-button__plane-normal\"><\/div>\n\t\t<div class=\"lastudio-button__plane lastudio-button__plane-hover\"><\/div>\n\t\t<div class=\"lastudio-button__state lastudio-button__state-normal\">\n\t\t\t<span class=\"lastudio-button__label\">ZUR\u00dcCK<\/span>\t\t<\/div>\n\t\t<div class=\"lastudio-button__state lastudio-button__state-hover\">\n\t\t\t<span class=\"lastudio-button__label\">HOME<\/span>\t\t<\/div>\n\t<\/a>\n<\/div>\n<\/div>\t\t<\/div>\n\t\t\t\t<\/div>\n\t\t\t\t\t<\/div>\n\t\t<\/div>\n\t\t\t\t\t\t\t<\/div>\n\t\t<\/section>\n\t\t\t\t\t\t\t<\/div>\n\t\t","protected":false},"excerpt":{"rendered":"<p>BOSCH CORPORATE DESIGN ROLLOUT Umsetzung und Ausbau des damals neuen Bosch Corporate Designs. Die Aufgaben erstreckten sich hierbei von der Styleguide-Entwicklung \u00fcber die Erstellung von Corporate Design-Templates und Designelementen f\u00fcr die hauseigene Corporate Design Plattform bis hin zum Aufbau und der Betreuung eines Corporate Design Helpdesks. CORPORATE DESIGN SERVICE Aufbau,&hellip;<\/p>\n","protected":false},"author":1,"featured_media":6602,"parent":1527,"menu_order":0,"comment_status":"closed","ping_status":"closed","template":"","meta":{"footnotes":""},"class_list":["post-7048","page","type-page","status-publish","has-post-thumbnail","hentry"],"_links":{"self":[{"href":"http:\/\/manuel-jimenez.de\/wordpress\/wp-json\/wp\/v2\/pages\/7048","targetHints":{"allow":["GET"]}}],"collection":[{"href":"http:\/\/manuel-jimenez.de\/wordpress\/wp-json\/wp\/v2\/pages"}],"about":[{"href":"http:\/\/manuel-jimenez.de\/wordpress\/wp-json\/wp\/v2\/types\/page"}],"author":[{"embeddable":true,"href":"http:\/\/manuel-jimenez.de\/wordpress\/wp-json\/wp\/v2\/users\/1"}],"replies":[{"embeddable":true,"href":"http:\/\/manuel-jimenez.de\/wordpress\/wp-json\/wp\/v2\/comments?post=7048"}],"version-history":[{"count":32,"href":"http:\/\/manuel-jimenez.de\/wordpress\/wp-json\/wp\/v2\/pages\/7048\/revisions"}],"predecessor-version":[{"id":7662,"href":"http:\/\/manuel-jimenez.de\/wordpress\/wp-json\/wp\/v2\/pages\/7048\/revisions\/7662"}],"up":[{"embeddable":true,"href":"http:\/\/manuel-jimenez.de\/wordpress\/wp-json\/wp\/v2\/pages\/1527"}],"wp:featuredmedia":[{"embeddable":true,"href":"http:\/\/manuel-jimenez.de\/wordpress\/wp-json\/wp\/v2\/media\/6602"}],"wp:attachment":[{"href":"http:\/\/manuel-jimenez.de\/wordpress\/wp-json\/wp\/v2\/media?parent=7048"}],"curies":[{"name":"wp","href":"https:\/\/api.w.org\/{rel}","templated":true}]}}